{"id":111,"date":"2021-10-27T11:25:24","date_gmt":"2021-10-27T11:25:24","guid":{"rendered":"https:\/\/www.theisiway.ch\/?page_id=111"},"modified":"2021-10-27T11:40:55","modified_gmt":"2021-10-27T11:40:55","slug":"angebot","status":"publish","type":"page","link":"https:\/\/www.theisiway.ch\/index.php\/angebot\/","title":{"rendered":"Angebot"},"content":{"rendered":"\n<p>Kannst du eine der folgenden Fragen mit JA beantworten:<\/p>\n\n\n\n<ul><li>Hast du M\u00fche Grenzen zu setzen?<\/li><li>Steht eine Endscheidung an?<\/li><li>F\u00fchlst du dich unsicher in einer Situation?<\/li><li>Brauchst du in deinem Leben neue Impulse?<\/li><li>M\u00f6chtest du in deinem Leben etwas ver\u00e4ndern?<\/li><li>Brauchst du eine kleine Auszeit in der Natur?<\/li><li>H\u00f6rt man dir nicht zu oder wirst du \u00fcbersehen?<\/li><li>H\u00e4lst du an negativen Glaubenss\u00e4tzen fest?<\/li><\/ul>\n\n\n\n<p>Dann melde dich doch bei mir unter theisiway@info.ch<\/p>\n\n\n\n<p>Preis f\u00fcr ein Probecoaching betr\u00e4gt CHF 30 (Unkostenbeitrag)<\/p>\n\n\n\n<p>Preis f\u00fcr ein Coaching betr\u00e4gt CHF 120.<\/p>\n","protected":false},"excerpt":{"rendered":"<p>Kannst du eine der folgenden Fragen mit JA beantworten: Hast du M\u00fche Grenzen zu setzen? Steht eine Endscheidung an? F\u00fchlst du dich unsicher in einer Situation? Brauchst du in deinem Leben neue Impulse? M\u00f6chtest du in deinem Leben etwas ver\u00e4ndern? Brauchst du eine kleine Auszeit in der Natur? H\u00f6rt man dir nicht zu oder wirst &hellip; <\/p>\n<p class=\"link-more\"><a href=\"https:\/\/www.theisiway.ch\/index.php\/angebot\/\" class=\"more-link\"><span class=\"screen-reader-text\">\u201eAngebot\u201c<\/span> weiterlesen<\/a><\/p>\n","protected":false},"author":1,"featured_media":0,"parent":0,"menu_order":0,"comment_status":"closed","ping_status":"closed","template":"","meta":[],"_links":{"self":[{"href":"https:\/\/www.theisiway.ch\/index.php\/wp-json\/wp\/v2\/pages\/111"}],"collection":[{"href":"https:\/\/www.theisiway.ch\/index.php\/wp-json\/wp\/v2\/pages"}],"about":[{"href":"https:\/\/www.theisiway.ch\/index.php\/wp-json\/wp\/v2\/types\/page"}],"author":[{"embeddable":true,"href":"https:\/\/www.theisiway.ch\/index.php\/wp-json\/wp\/v2\/users\/1"}],"replies":[{"embeddable":true,"href":"https:\/\/www.theisiway.ch\/index.php\/wp-json\/wp\/v2\/comments?post=111"}],"version-history":[{"count":7,"href":"https:\/\/www.theisiway.ch\/index.php\/wp-json\/wp\/v2\/pages\/111\/revisions"}],"predecessor-version":[{"id":126,"href":"https:\/\/www.theisiway.ch\/index.php\/wp-json\/wp\/v2\/pages\/111\/revisions\/126"}],"wp:attachment":[{"href":"https:\/\/www.theisiway.ch\/index.php\/wp-json\/wp\/v2\/media?parent=111"}],"curies":[{"name":"wp","href":"https:\/\/api.w.org\/{rel}","templated":true}]}}