{"id":9,"date":"2020-04-13T13:33:57","date_gmt":"2020-04-13T13:33:57","guid":{"rendered":"https:\/\/www.theisiway.ch\/?page_id=9"},"modified":"2021-10-26T12:14:15","modified_gmt":"2021-10-26T12:14:15","slug":"ueber-uns","status":"publish","type":"page","link":"https:\/\/www.theisiway.ch\/index.php\/ueber-uns\/","title":{"rendered":"\u00dcber mich"},"content":{"rendered":"\n<p>Mit 11 Jahren habe ich angefangen zu reiten und bin vor 10 Jahren bei den Isl\u00e4ndern h\u00e4ngen geblieben, weil es einfach tolle Pferdchen sind, die f\u00fcr jeden Spass zu haben sind.<\/p>\n\n\n\n<p>Gearbeitet habe ich bis jetzt eher in kopflastigen Jobs. Daher wollte ich als Ausgleich noch weitere Ausbildungen in andere Feldern machen.<\/p>\n\n\n\n<p>Daher habe ich vor zwei Jahren angefangen mich mit Sprechtechnik in der deutschen Sprache zu befassen und habe auch an einer Intensivwoche RSA Radio- und Synchronsprechen in Deutschlandsberg teilgenommen. Das Live-Radio-Sprechen hat mega Spass gemacht. Zus\u00e4tzlich nehme ich Gesangstunden, weils mir einfach Spass macht.<\/p>\n\n\n\n<p>Um nun auch noch das Pferd in meine Weiterbildungen miteinzubeziehen, habe ich 2020 die Ausbildung zum pferdeunterst\u00fctzen Coach abgeschlossen.<\/p>\n\n\n\n<p>Nun m\u00f6chte ich dir gerne helfen zusammen mit dem Co-Coach Pferd herauszufinden, wo es in deinem Leben harzt, wie du in deine eigene Kraft kommst, und f\u00fcr dich zutreffende Entscheidungen triffst, um deinen weiteren Weg freudig zu begehen.<\/p>\n\n\n\n<p><\/p>\n","protected":false},"excerpt":{"rendered":"<p>Mit 11 Jahren habe ich angefangen zu reiten und bin vor 10 Jahren bei den Isl\u00e4ndern h\u00e4ngen geblieben, weil es einfach tolle Pferdchen sind, die f\u00fcr jeden Spass zu haben sind. Gearbeitet habe ich bis jetzt eher in kopflastigen Jobs. Daher wollte ich als Ausgleich noch weitere Ausbildungen in andere Feldern machen. Daher habe ich &hellip; <\/p>\n<p class=\"link-more\"><a href=\"https:\/\/www.theisiway.ch\/index.php\/ueber-uns\/\" class=\"more-link\"><span class=\"screen-reader-text\">\u201e\u00dcber mich\u201c<\/span> weiterlesen<\/a><\/p>\n","protected":false},"author":1,"featured_media":74,"parent":0,"menu_order":0,"comment_status":"closed","ping_status":"closed","template":"","meta":[],"_links":{"self":[{"href":"https:\/\/www.theisiway.ch\/index.php\/wp-json\/wp\/v2\/pages\/9"}],"collection":[{"href":"https:\/\/www.theisiway.ch\/index.php\/wp-json\/wp\/v2\/pages"}],"about":[{"href":"https:\/\/www.theisiway.ch\/index.php\/wp-json\/wp\/v2\/types\/page"}],"author":[{"embeddable":true,"href":"https:\/\/www.theisiway.ch\/index.php\/wp-json\/wp\/v2\/users\/1"}],"replies":[{"embeddable":true,"href":"https:\/\/www.theisiway.ch\/index.php\/wp-json\/wp\/v2\/comments?post=9"}],"version-history":[{"count":5,"href":"https:\/\/www.theisiway.ch\/index.php\/wp-json\/wp\/v2\/pages\/9\/revisions"}],"predecessor-version":[{"id":104,"href":"https:\/\/www.theisiway.ch\/index.php\/wp-json\/wp\/v2\/pages\/9\/revisions\/104"}],"wp:featuredmedia":[{"embeddable":true,"href":"https:\/\/www.theisiway.ch\/index.php\/wp-json\/wp\/v2\/media\/74"}],"wp:attachment":[{"href":"https:\/\/www.theisiway.ch\/index.php\/wp-json\/wp\/v2\/media?parent=9"}],"curies":[{"name":"wp","href":"https:\/\/api.w.org\/{rel}","templated":true}]}}